{"id":274652,"date":"2022-06-09T13:18:48","date_gmt":"2022-06-09T13:18:48","guid":{"rendered":"https:\/\/iguazubiketours.com.ar\/?post_type=product&#038;p=274652"},"modified":"2022-07-21T13:59:51","modified_gmt":"2022-07-21T13:59:51","slug":"multiaventuras-bariloche","status":"publish","type":"product","link":"https:\/\/iguazubiketours.com.ar\/en\/reservas-on-line\/multiaventuras-bariloche\/","title":{"rendered":"Bariloche Multi-Adventures"},"content":{"rendered":"<p>[et_pb_section fb_built=&#8221;1&#8243; _builder_version=&#8221;4.17.4&#8243; _module_preset=&#8221;85717c6f-dee0-4879-84b1-ed49dc3225c8&#8243; global_colors_info=&#8221;{}&#8221;][et_pb_row _builder_version=&#8221;4.17.4&#8243; _module_preset=&#8221;f2dd3be0-238c-42c7-b007-962379df353c&#8221; global_colors_info=&#8221;{}&#8221;][et_pb_column type=&#8221;4_4&#8243; _builder_version=&#8221;4.16&#8243; custom_padding=&#8221;|||&#8221; global_colors_info=&#8221;{}&#8221; custom_padding__hover=&#8221;|||&#8221;][et_pb_wc_breadcrumb _builder_version=&#8221;4.17.4&#8243; _module_preset=&#8221;default&#8221; global_colors_info=&#8221;{}&#8221;][\/et_pb_wc_breadcrumb][et_pb_wc_cart_notice _builder_version=&#8221;4.17.4&#8243; global_colors_info=&#8221;{}&#8221;][\/et_pb_wc_cart_notice][\/et_pb_column][\/et_pb_row][et_pb_row column_structure=&#8221;1_2,1_2&#8243; _builder_version=&#8221;4.17.4&#8243; _module_preset=&#8221;f2dd3be0-238c-42c7-b007-962379df353c&#8221; width=&#8221;100%&#8221; custom_padding=&#8221;0px||||false|false&#8221; global_colors_info=&#8221;{}&#8221;][et_pb_column type=&#8221;1_2&#8243; _builder_version=&#8221;4.16&#8243; custom_padding=&#8221;|||&#8221; global_colors_info=&#8221;{}&#8221; custom_padding__hover=&#8221;|||&#8221;][et_pb_wc_images _builder_version=&#8221;4.17.4&#8243; _module_preset=&#8221;default&#8221; global_colors_info=&#8221;{}&#8221;][\/et_pb_wc_images][\/et_pb_column][et_pb_column type=&#8221;1_2&#8243; _builder_version=&#8221;4.16&#8243; custom_padding=&#8221;|||&#8221; global_colors_info=&#8221;{}&#8221; custom_padding__hover=&#8221;|||&#8221;][et_pb_wc_title _builder_version=&#8221;4.17.4&#8243; _module_preset=&#8221;default&#8221; global_colors_info=&#8221;{}&#8221;][\/et_pb_wc_title][et_pb_wc_rating _builder_version=&#8221;4.17.4&#8243; rating_font_size=&#8221;21px&#8221; global_colors_info=&#8221;{}&#8221;][\/et_pb_wc_rating][et_pb_wc_price _builder_version=&#8221;4.17.4&#8243; global_colors_info=&#8221;{}&#8221;][\/et_pb_wc_price][et_pb_wc_description _builder_version=&#8221;4.17.4&#8243; body_line_height=&#8221;1.4em&#8221; global_colors_info=&#8221;{}&#8221;][\/et_pb_wc_description][et_pb_wc_add_to_cart _builder_version=&#8221;4.17.4&#8243; _module_preset=&#8221;default&#8221; global_colors_info=&#8221;{}&#8221;][\/et_pb_wc_add_to_cart][et_pb_wc_meta _builder_version=&#8221;4.17.4&#8243; _module_preset=&#8221;default&#8221; global_colors_info=&#8221;{}&#8221;][\/et_pb_wc_meta][\/et_pb_column][\/et_pb_row][et_pb_row _builder_version=&#8221;4.17.4&#8243; _module_preset=&#8221;f2dd3be0-238c-42c7-b007-962379df353c&#8221; width=&#8221;100%&#8221; global_colors_info=&#8221;{}&#8221;][et_pb_column type=&#8221;4_4&#8243; _builder_version=&#8221;4.16&#8243; custom_padding=&#8221;|||&#8221; global_colors_info=&#8221;{}&#8221; custom_padding__hover=&#8221;|||&#8221;][et_pb_wc_tabs _builder_version=&#8221;4.17.4&#8243; _module_preset=&#8221;default&#8221; global_colors_info=&#8221;{}&#8221;]\t\t\t\t\t[\/et_pb_wc_tabs][et_pb_wc_upsells _builder_version=&#8221;4.16&#8243; global_colors_info=&#8221;{}&#8221;][\/et_pb_wc_upsells][et_pb_wc_related_products _builder_version=&#8221;4.17.4&#8243; _module_preset=&#8221;default&#8221; global_colors_info=&#8221;{}&#8221;][\/et_pb_wc_related_products][\/et_pb_column][\/et_pb_row][\/et_pb_section]<\/p>","protected":false},"excerpt":{"rendered":"<p>La Patagonia es un \u00e1rea enorme con diferentes ambientes, gran naturaleza, excelente comida y una incre\u00edble biodiversidad en su cultura.<\/p>\n<p>Desde Octubre hasta Abril es una gran momento del a\u00f1o para la visita, porque no hace tanto fr\u00edo ni mucho viento. Las temperaturas pueden alcanzar los 30 grados cent\u00edgrados<\/p>","protected":false},"featured_media":275204,"comment_status":"open","ping_status":"closed","template":"","meta":{"_et_pb_use_builder":"on","_et_pb_old_content":"<ul>\r\n \t<li>La Patagonia es un \u00e1rea enorme con diferentes ambientes, gran naturaleza, excelente comida y una incre\u00edble biodiversidad en su cultura.<\/li>\r\n \t<li>Desde Octubre hasta Abril es una gran momento del a\u00f1o para la visita, porque no hace tanto fr\u00edo ni mucho viento. Las temperaturas pueden alcanzar los 30 grados cent\u00edgrados.<\/li>\r\n \t<li>Comenzaremos en la ciudad de San Carlos de Bariloche, que es muy conocida por una colonizaci\u00f3n alemana y una gran belleza. Terminaremos en San Mart\u00edn de Los Andes.<\/li>\r\n \t<li>Visitaremos 3 parques nacionales: Nahuel Huapi, Arrayanes y Lanin. Navegaremos en catamar\u00e1n hasta el bosque de Arrayanes y durante la experiencia de bicicleta se realizar\u00e1n traslados cortos en furgoneta para elegir los mejores lugares<\/li>\r\n<\/ul>\r\nTotal de 400 km en bicicleta con variedad de paisajes: Bosques, lagos y estepa.","_et_gb_content_width":""},"product_cat":[24],"product_tag":[34,38,37,36,33,35],"_links":{"self":[{"href":"https:\/\/iguazubiketours.com.ar\/en\/wp-json\/wp\/v2\/product\/274652"}],"collection":[{"href":"https:\/\/iguazubiketours.com.ar\/en\/wp-json\/wp\/v2\/product"}],"about":[{"href":"https:\/\/iguazubiketours.com.ar\/en\/wp-json\/wp\/v2\/types\/product"}],"replies":[{"embeddable":true,"href":"https:\/\/iguazubiketours.com.ar\/en\/wp-json\/wp\/v2\/comments?post=274652"}],"wp:featuredmedia":[{"embeddable":true,"href":"https:\/\/iguazubiketours.com.ar\/en\/wp-json\/wp\/v2\/media\/275204"}],"wp:attachment":[{"href":"https:\/\/iguazubiketours.com.ar\/en\/wp-json\/wp\/v2\/media?parent=274652"}],"wp:term":[{"taxonomy":"product_cat","embeddable":true,"href":"https:\/\/iguazubiketours.com.ar\/en\/wp-json\/wp\/v2\/product_cat?post=274652"},{"taxonomy":"product_tag","embeddable":true,"href":"https:\/\/iguazubiketours.com.ar\/en\/wp-json\/wp\/v2\/product_tag?post=274652"}],"curies":[{"name":"wp","href":"https:\/\/api.w.org\/{rel}","templated":true}]}}