{"id":274649,"date":"2022-06-08T22:41:08","date_gmt":"2022-06-08T22:41:08","guid":{"rendered":"https:\/\/iguazubiketours.com.ar\/?post_type=product&#038;p=274649"},"modified":"2022-07-21T14:04:13","modified_gmt":"2022-07-21T14:04:13","slug":"carretera-austral-norte","status":"publish","type":"product","link":"https:\/\/iguazubiketours.com.ar\/en\/reservas-on-line\/carretera-austral-norte\/","title":{"rendered":"Northern Austral Highway"},"content":{"rendered":"<p>[et_pb_section fb_built=&#8221;1&#8243; _builder_version=&#8221;4.17.4&#8243; _module_preset=&#8221;85717c6f-dee0-4879-84b1-ed49dc3225c8&#8243; global_colors_info=&#8221;{}&#8221;][et_pb_row _builder_version=&#8221;4.17.4&#8243; _module_preset=&#8221;f2dd3be0-238c-42c7-b007-962379df353c&#8221; global_colors_info=&#8221;{}&#8221;][et_pb_column type=&#8221;4_4&#8243; _builder_version=&#8221;4.16&#8243; custom_padding=&#8221;|||&#8221; global_colors_info=&#8221;{}&#8221; custom_padding__hover=&#8221;|||&#8221;][et_pb_wc_cart_notice _builder_version=&#8221;4.17.4&#8243; global_colors_info=&#8221;{}&#8221;][\/et_pb_wc_cart_notice][\/et_pb_column][\/et_pb_row][et_pb_row column_structure=&#8221;1_2,1_2&#8243; _builder_version=&#8221;4.17.4&#8243; _module_preset=&#8221;f2dd3be0-238c-42c7-b007-962379df353c&#8221; width=&#8221;100%&#8221; custom_padding=&#8221;0px||||false|false&#8221; global_colors_info=&#8221;{}&#8221;][et_pb_column type=&#8221;1_2&#8243; _builder_version=&#8221;4.16&#8243; custom_padding=&#8221;|||&#8221; global_colors_info=&#8221;{}&#8221; custom_padding__hover=&#8221;|||&#8221;][et_pb_wc_images _builder_version=&#8221;4.17.4&#8243; _module_preset=&#8221;default&#8221; global_colors_info=&#8221;{}&#8221;][\/et_pb_wc_images][\/et_pb_column][et_pb_column type=&#8221;1_2&#8243; _builder_version=&#8221;4.16&#8243; custom_padding=&#8221;|||&#8221; global_colors_info=&#8221;{}&#8221; custom_padding__hover=&#8221;|||&#8221;][et_pb_wc_title _builder_version=&#8221;4.17.4&#8243; _module_preset=&#8221;default&#8221; global_colors_info=&#8221;{}&#8221;][\/et_pb_wc_title][et_pb_wc_rating _builder_version=&#8221;4.17.4&#8243; rating_font_size=&#8221;21px&#8221; global_colors_info=&#8221;{}&#8221;][\/et_pb_wc_rating][et_pb_wc_price _builder_version=&#8221;4.17.4&#8243; global_colors_info=&#8221;{}&#8221;][\/et_pb_wc_price][et_pb_wc_description _builder_version=&#8221;4.17.4&#8243; body_line_height=&#8221;1.4em&#8221; global_colors_info=&#8221;{}&#8221;][\/et_pb_wc_description][et_pb_wc_add_to_cart _builder_version=&#8221;4.17.4&#8243; _module_preset=&#8221;default&#8221; global_colors_info=&#8221;{}&#8221;][\/et_pb_wc_add_to_cart][et_pb_wc_meta _builder_version=&#8221;4.17.4&#8243; _module_preset=&#8221;default&#8221; global_colors_info=&#8221;{}&#8221;][\/et_pb_wc_meta][\/et_pb_column][\/et_pb_row][et_pb_row _builder_version=&#8221;4.17.4&#8243; _module_preset=&#8221;f2dd3be0-238c-42c7-b007-962379df353c&#8221; width=&#8221;100%&#8221; global_colors_info=&#8221;{}&#8221;][et_pb_column type=&#8221;4_4&#8243; _builder_version=&#8221;4.16&#8243; custom_padding=&#8221;|||&#8221; global_colors_info=&#8221;{}&#8221; custom_padding__hover=&#8221;|||&#8221;][et_pb_wc_tabs _builder_version=&#8221;4.17.4&#8243; _module_preset=&#8221;default&#8221; global_colors_info=&#8221;{}&#8221;]\t\t\t\t\t[\/et_pb_wc_tabs][et_pb_wc_upsells _builder_version=&#8221;4.16&#8243; global_colors_info=&#8221;{}&#8221;][\/et_pb_wc_upsells][et_pb_wc_related_products _builder_version=&#8221;4.17.4&#8243; _module_preset=&#8221;default&#8221; global_colors_info=&#8221;{}&#8221;][\/et_pb_wc_related_products][\/et_pb_column][\/et_pb_row][\/et_pb_section]<\/p>","protected":false},"excerpt":{"rendered":"<p>Patagonia it is a huge area with different environments, great nature, great food and amazing biodiversity in its culture.<\/p>\n<p>En esta aventura en bicicleta vamos a disfrutar de la vista de los hermosos Andes, volcanes y lagos azules. \u00a1\u00a1 Cruzando los Andes dos veces !!<\/p>","protected":false},"featured_media":274598,"comment_status":"open","ping_status":"closed","template":"","meta":{"_et_pb_use_builder":"on","_et_pb_old_content":"La Patagonia es un \u00e1rea enorme con diferentes ambientes, gran naturaleza, gran comida y una incre\u00edble biodiversidad en su cultura.\r\n\r\nEn esta aventura en bicicleta vamos a disfrutar de la vista de los hermosos Andes, volcanes y lagos azules. \u00a1\u00a1Cruzando los Andes dos veces !!\r\n<ul>\r\n \t<li>Desde Octubre hasta el final del verano (Hasta finales de marzo) es una gran temporada, porque no es tan fr\u00edo ni tampoco muy ventoso. Las temperaturas pueden alcanzar los 30 grados cent\u00edgrados.<\/li>\r\n \t<li>Se planea comenzar en la ciudad de Bariloche, que es muy conocida debido a su gran belleza paisaj\u00edstica como as\u00ed tambi\u00e9n en su tiempo por una colonizaci\u00f3n alemana llevada a cabo en el lugar.<\/li>\r\n \t<li>En total visitaremos 3 parques nacionales: Nahuel Huapi, Perez Rosales y Pumalin.<\/li>\r\n \t<li>En cuanto a disfrutar de los mejores lugares para andar en bicicleta vamos a hacer algunos traslados cortos en camioneta.<\/li>\r\n \t<li>Cuando reserve sus vuelos de llegada y regreso, recomendamos elegir la ciudad de BARILOCHE en el sur de Argentina (BRC).<\/li>\r\n<\/ul>\r\n<strong>En total vamos a recorrer 380 km en 7 d\u00edas.<\/strong>","_et_gb_content_width":""},"product_cat":[24],"product_tag":[34,38,37,36,33,35],"_links":{"self":[{"href":"https:\/\/iguazubiketours.com.ar\/en\/wp-json\/wp\/v2\/product\/274649"}],"collection":[{"href":"https:\/\/iguazubiketours.com.ar\/en\/wp-json\/wp\/v2\/product"}],"about":[{"href":"https:\/\/iguazubiketours.com.ar\/en\/wp-json\/wp\/v2\/types\/product"}],"replies":[{"embeddable":true,"href":"https:\/\/iguazubiketours.com.ar\/en\/wp-json\/wp\/v2\/comments?post=274649"}],"wp:featuredmedia":[{"embeddable":true,"href":"https:\/\/iguazubiketours.com.ar\/en\/wp-json\/wp\/v2\/media\/274598"}],"wp:attachment":[{"href":"https:\/\/iguazubiketours.com.ar\/en\/wp-json\/wp\/v2\/media?parent=274649"}],"wp:term":[{"taxonomy":"product_cat","embeddable":true,"href":"https:\/\/iguazubiketours.com.ar\/en\/wp-json\/wp\/v2\/product_cat?post=274649"},{"taxonomy":"product_tag","embeddable":true,"href":"https:\/\/iguazubiketours.com.ar\/en\/wp-json\/wp\/v2\/product_tag?post=274649"}],"curies":[{"name":"wp","href":"https:\/\/api.w.org\/{rel}","templated":true}]}}